{"id":15,"date":"2024-02-19T12:48:37","date_gmt":"2024-02-19T12:48:37","guid":{"rendered":"https:\/\/footprints-in-life.com\/?page_id=15"},"modified":"2024-08-01T12:19:16","modified_gmt":"2024-08-01T12:19:16","slug":"impressum","status":"publish","type":"page","link":"https:\/\/kw.monon.eu\/?page_id=15","title":{"rendered":"Impressum"},"content":{"rendered":"\n<p><strong>Offenlegung gem\u00e4\u00df \u00a7 5 E-Commerce-Gesetz sowie nach \u00a7 25 Mediengesetz<\/strong><\/p>\n\n\n\n<p><strong>F\u00fcr den Inhalt verantwortlich:<\/strong><\/p>\n\n\n\n<p>Kathrin Wilke<\/p>\n\n\n\n<p>Mittelstr. 10<\/p>\n\n\n\n<p>25980 Sylt<\/p>\n\n\n\n<p><strong>Kontakt<\/strong>:<br>E-Mail: <a href=\"mailto:kw@kathrinwilke.de\">kw@kathrinwilke.de<\/a><\/p>\n\n\n\n<p><\/p>\n\n\n\n<p>Umsatzsteuer-Identifikationsnummer gem\u00e4\u00df \u00a7 27 a<br><strong>Umsatzsteuer-ID<\/strong>: DE 221 176 064<\/p>\n\n\n\n<p><strong>Unternehmensgegenstand:<\/strong><\/p>\n\n\n\n<p>Selbstst\u00e4ndige Trainerin<\/p>\n\n\n\n<p><strong>Redaktionell Verantwortliche<\/strong><\/p>\n\n\n\n<p>Kathrin Wilke<\/p>\n\n\n\n<p>Grafische Gestaltung und Logo: Lydia Weber<\/p>\n\n\n\n<p>Website: WebqueenZ<\/p>\n\n\n\n<p><strong>EU-Streitschlichtung&nbsp;<\/strong><\/p>\n\n\n\n<p>Die Europ\u00e4ische Kommission stellt eine Plattform zur Online-Streitbeilegung (OS) bereit: https:\/\/ec.europa.eu\/consumers\/odr.<br>Unsere E-Mail-Adresse finden Sie oben im Impressum.&nbsp;<\/p>\n\n\n\n<p><strong>Verbraucherstreitbeilegung\/Universalschlichtungsstelle<\/strong><\/p>\n\n\n\n<p>Wir sind nicht bereit oder verpflichtet, an Streitbeilegungsverfahren vor einer Verbraucherschlichtungsstelle teilzunehmen.&nbsp;<\/p>\n\n\n\n<p><strong>Haftungsausschluss<\/strong><\/p>\n\n\n\n<p>Als Dienstleister bin ich gem\u00e4\u00df \u00a7 7 Abs.1 TMG f\u00fcr eigene Inhalte auf diesen Seiten nach den allgemeinen Gesetzen verantwortlich. Nach \u00a7\u00a7 8 bis 10 TMG bin ich als Dienstleister jedoch nicht verpflichtet, \u00fcbermittelte oder gespeicherte fremde Informationen zu \u00fcberwachen oder nach Umst\u00e4nden zu forschen, die auf eine rechtswidrige T\u00e4tigkeit hinweisen. Verpflichtungen zur Entfernung oder Sperrung der Nutzung von Informationen nach den allgemeinen Gesetzen bleiben hiervon unber\u00fchrt. Eine diesbez\u00fcgliche Haftung ist jedoch erst ab dem Zeitpunkt der Kenntnis einer konkreten Rechtsverletzung m\u00f6glich. Bei Bekanntwerden von entsprechenden Rechtsverletzungen werden wir diese Inhalte umgehend entfernen.<\/p>\n\n\n\n<p><strong>Haftung f\u00fcr Links&nbsp;<\/strong><\/p>\n\n\n\n<p>Unsere Informationen k\u00f6nnen Links zu externen Websites Dritter enthalten, auf deren Inhalte wir keinen Einfluss haben. Deshalb kann ich f\u00fcr diese fremden Inhalte auch keine Gew\u00e4hr \u00fcbernehmen. F\u00fcr die Inhalte der verlinkten Seiten ist stets der jeweilige Anbieter oder Betreiber der Seiten verantwortlich. Die verlinkten Seiten wurden zum Zeitpunkt der Verlinkung auf m\u00f6gliche Rechtsverst\u00f6\u00dfe \u00fcberpr\u00fcft. Rechtswidrige Inhalte waren zum Zeitpunkt der Verlinkung nicht erkennbar. Eine permanente inhaltliche Kontrolle der verlinkten Seiten ist jedoch ohne konkrete Anhaltspunkte einer Rechtsverletzung nicht zumutbar. Bei Bekanntwerden von Rechtsverletzungen werden wir derartige Links umgehend entfernen.&nbsp;<\/p>\n\n\n\n<p><strong>Urheberrecht<\/strong><\/p>\n\n\n\n<p>Die durch die Seitenbetreiber erstellten Inhalte und Werke auf diesen Seiten unterliegen dem \u00f6sterreichischen Urheberrecht. Die Vervielf\u00e4ltigung, Bearbeitung, Verbreitung und jede Art der Verwertung au\u00dferhalb der Grenzen des Urheberrechtes bed\u00fcrfen der schriftlichen Zustimmung der Autorin bzw. Erstellerin. Eine Verwendung in anderen elektronischen oder geduckten Publikationen ist ohne ausdr\u00fcckliche Zustimmung der Autorin nicht gestattet. Downloads und Kopien dieser Seite sind nur f\u00fcr den privaten, nicht kommerziellen Gebrauch gestattet. Soweit die Textinhalte\/Fotos auf dieser Website nicht vom Betreiber erstellt wurden, werden die Urheberrechte Dritter beachtet. Insbesondere werden Inhalte Dritter als solche gekennzeichnet. Sollten Sie trotzdem auf eine Urheberrechtsverletzung aufmerksam werden, bitten wir um einen entsprechenden Hinweis. Bei Bekanntwerden von Rechtsverletzungen werde ich derartige Inhalte umgehend entfernen.<\/p>\n\n\n\n<p><strong>Allgemeines<\/strong><\/p>\n\n\n\n<p>Der Nutzung von im Rahmen der Impressumspflicht ver\u00f6ffentlichten Kontaktdaten durch Dritte zur \u00dcbersendung von nicht ausdr\u00fccklich angeforderter Werbung und Informationsmaterialien wird hiermit ausdr\u00fccklich widersprochen. Die Betreiberin der Seiten beh\u00e4lt sich ausdr\u00fccklich rechtliche Schritte im Falle der unverlangten Zusendung von Werbeinformationen, etwa durch Spam-Mails, vor.&nbsp;<\/p>\n","protected":false},"excerpt":{"rendered":"<p>Offenlegung gem\u00e4\u00df \u00a7 5 E-Commerce-Gesetz sowie nach \u00a7 25 Mediengesetz F\u00fcr den Inhalt verantwortlich: Kathrin Wilke Mittelstr. 10 25980 Sylt Kontakt:E-Mail: kw@kathrinwilke.de Umsatzsteuer-Identifikationsnummer gem\u00e4\u00df \u00a7 27 aUmsatzsteuer-ID: DE 221 176 064 Unternehmensgegenstand: Selbstst\u00e4ndige Trainerin Redaktionell Verantwortliche Kathrin Wilke Grafische Gestaltung und Logo: Lydia Weber Website: WebqueenZ EU-Streitschlichtung&nbsp; Die Europ\u00e4ische Kommission stellt eine Plattform zur Online-Streitbeilegung [&hellip;]<\/p>\n","protected":false},"author":1,"featured_media":0,"parent":0,"menu_order":0,"comment_status":"closed","ping_status":"closed","template":"","meta":{"footnotes":""},"class_list":["post-15","page","type-page","status-publish","hentry"],"yoast_head":"<!-- This site is optimized with the Yoast SEO plugin v24.8.1 - https:\/\/yoast.com\/wordpress\/plugins\/seo\/ -->\n<title>Impressum - Kathrin Wilke<\/title>\n<meta name=\"robots\" content=\"index, follow, max-snippet:-1, max-image-preview:large, max-video-preview:-1\" \/>\n<link rel=\"canonical\" href=\"https:\/\/kw.monon.eu\/?page_id=15\" \/>\n<meta property=\"og:locale\" content=\"de_DE\" \/>\n<meta property=\"og:type\" content=\"article\" \/>\n<meta property=\"og:title\" content=\"Impressum - Kathrin Wilke\" \/>\n<meta property=\"og:description\" content=\"Offenlegung gem\u00e4\u00df \u00a7 5 E-Commerce-Gesetz sowie nach \u00a7 25 Mediengesetz F\u00fcr den Inhalt verantwortlich: Kathrin Wilke Mittelstr. 10 25980 Sylt Kontakt:E-Mail: kw@kathrinwilke.de Umsatzsteuer-Identifikationsnummer gem\u00e4\u00df \u00a7 27 aUmsatzsteuer-ID: DE 221 176 064 Unternehmensgegenstand: Selbstst\u00e4ndige Trainerin Redaktionell Verantwortliche Kathrin Wilke Grafische Gestaltung und Logo: Lydia Weber Website: WebqueenZ EU-Streitschlichtung&nbsp; Die Europ\u00e4ische Kommission stellt eine Plattform zur Online-Streitbeilegung [&hellip;]\" \/>\n<meta property=\"og:url\" content=\"https:\/\/kw.monon.eu\/?page_id=15\" \/>\n<meta property=\"og:site_name\" content=\"Kathrin Wilke\" \/>\n<meta property=\"article:modified_time\" content=\"2024-08-01T12:19:16+00:00\" \/>\n<meta name=\"twitter:card\" content=\"summary_large_image\" \/>\n<meta name=\"twitter:label1\" content=\"Gesch\u00e4tzte Lesezeit\" \/>\n\t<meta name=\"twitter:data1\" content=\"3\u00a0Minuten\" \/>\n<script type=\"application\/ld+json\" class=\"yoast-schema-graph\">{\"@context\":\"https:\/\/schema.org\",\"@graph\":[{\"@type\":\"WebPage\",\"@id\":\"https:\/\/kw.monon.eu\/?page_id=15\",\"url\":\"https:\/\/kw.monon.eu\/?page_id=15\",\"name\":\"Impressum - Kathrin Wilke\",\"isPartOf\":{\"@id\":\"https:\/\/open-innovation-camp.de\/#website\"},\"datePublished\":\"2024-02-19T12:48:37+00:00\",\"dateModified\":\"2024-08-01T12:19:16+00:00\",\"breadcrumb\":{\"@id\":\"https:\/\/kw.monon.eu\/?page_id=15#breadcrumb\"},\"inLanguage\":\"de\",\"potentialAction\":[{\"@type\":\"ReadAction\",\"target\":[\"https:\/\/kw.monon.eu\/?page_id=15\"]}]},{\"@type\":\"BreadcrumbList\",\"@id\":\"https:\/\/kw.monon.eu\/?page_id=15#breadcrumb\",\"itemListElement\":[{\"@type\":\"ListItem\",\"position\":1,\"name\":\"Startseite\",\"item\":\"https:\/\/kw.monon.eu\/\"},{\"@type\":\"ListItem\",\"position\":2,\"name\":\"Impressum\"}]},{\"@type\":\"WebSite\",\"@id\":\"https:\/\/open-innovation-camp.de\/#website\",\"url\":\"https:\/\/open-innovation-camp.de\/\",\"name\":\"Kathrin Wilke\",\"description\":\"Innovatorin\",\"publisher\":{\"@id\":\"https:\/\/open-innovation-camp.de\/#organization\"},\"potentialAction\":[{\"@type\":\"SearchAction\",\"target\":{\"@type\":\"EntryPoint\",\"urlTemplate\":\"https:\/\/open-innovation-camp.de\/?s={search_term_string}\"},\"query-input\":{\"@type\":\"PropertyValueSpecification\",\"valueRequired\":true,\"valueName\":\"search_term_string\"}}],\"inLanguage\":\"de\"},{\"@type\":\"Organization\",\"@id\":\"https:\/\/open-innovation-camp.de\/#organization\",\"name\":\"Kathrin Wilke\",\"url\":\"https:\/\/open-innovation-camp.de\/\",\"logo\":{\"@type\":\"ImageObject\",\"inLanguage\":\"de\",\"@id\":\"https:\/\/open-innovation-camp.de\/#\/schema\/logo\/image\/\",\"url\":\"https:\/\/open-innovation-camp.de\/wp-content\/uploads\/2024\/06\/Logo_Netzwerk_innovation.png\",\"contentUrl\":\"https:\/\/open-innovation-camp.de\/wp-content\/uploads\/2024\/06\/Logo_Netzwerk_innovation.png\",\"width\":159,\"height\":155,\"caption\":\"Kathrin Wilke\"},\"image\":{\"@id\":\"https:\/\/open-innovation-camp.de\/#\/schema\/logo\/image\/\"}}]}<\/script>\n<!-- \/ Yoast SEO plugin. -->","yoast_head_json":{"title":"Impressum - Kathrin Wilke","robots":{"index":"index","follow":"follow","max-snippet":"max-snippet:-1","max-image-preview":"max-image-preview:large","max-video-preview":"max-video-preview:-1"},"canonical":"https:\/\/kw.monon.eu\/?page_id=15","og_locale":"de_DE","og_type":"article","og_title":"Impressum - Kathrin Wilke","og_description":"Offenlegung gem\u00e4\u00df \u00a7 5 E-Commerce-Gesetz sowie nach \u00a7 25 Mediengesetz F\u00fcr den Inhalt verantwortlich: Kathrin Wilke Mittelstr. 10 25980 Sylt Kontakt:E-Mail: kw@kathrinwilke.de Umsatzsteuer-Identifikationsnummer gem\u00e4\u00df \u00a7 27 aUmsatzsteuer-ID: DE 221 176 064 Unternehmensgegenstand: Selbstst\u00e4ndige Trainerin Redaktionell Verantwortliche Kathrin Wilke Grafische Gestaltung und Logo: Lydia Weber Website: WebqueenZ EU-Streitschlichtung&nbsp; Die Europ\u00e4ische Kommission stellt eine Plattform zur Online-Streitbeilegung [&hellip;]","og_url":"https:\/\/kw.monon.eu\/?page_id=15","og_site_name":"Kathrin Wilke","article_modified_time":"2024-08-01T12:19:16+00:00","twitter_card":"summary_large_image","twitter_misc":{"Gesch\u00e4tzte Lesezeit":"3\u00a0Minuten"},"schema":{"@context":"https:\/\/schema.org","@graph":[{"@type":"WebPage","@id":"https:\/\/kw.monon.eu\/?page_id=15","url":"https:\/\/kw.monon.eu\/?page_id=15","name":"Impressum - Kathrin Wilke","isPartOf":{"@id":"https:\/\/open-innovation-camp.de\/#website"},"datePublished":"2024-02-19T12:48:37+00:00","dateModified":"2024-08-01T12:19:16+00:00","breadcrumb":{"@id":"https:\/\/kw.monon.eu\/?page_id=15#breadcrumb"},"inLanguage":"de","potentialAction":[{"@type":"ReadAction","target":["https:\/\/kw.monon.eu\/?page_id=15"]}]},{"@type":"BreadcrumbList","@id":"https:\/\/kw.monon.eu\/?page_id=15#breadcrumb","itemListElement":[{"@type":"ListItem","position":1,"name":"Startseite","item":"https:\/\/kw.monon.eu\/"},{"@type":"ListItem","position":2,"name":"Impressum"}]},{"@type":"WebSite","@id":"https:\/\/open-innovation-camp.de\/#website","url":"https:\/\/open-innovation-camp.de\/","name":"Kathrin Wilke","description":"Innovatorin","publisher":{"@id":"https:\/\/open-innovation-camp.de\/#organization"},"potentialAction":[{"@type":"SearchAction","target":{"@type":"EntryPoint","urlTemplate":"https:\/\/open-innovation-camp.de\/?s={search_term_string}"},"query-input":{"@type":"PropertyValueSpecification","valueRequired":true,"valueName":"search_term_string"}}],"inLanguage":"de"},{"@type":"Organization","@id":"https:\/\/open-innovation-camp.de\/#organization","name":"Kathrin Wilke","url":"https:\/\/open-innovation-camp.de\/","logo":{"@type":"ImageObject","inLanguage":"de","@id":"https:\/\/open-innovation-camp.de\/#\/schema\/logo\/image\/","url":"https:\/\/open-innovation-camp.de\/wp-content\/uploads\/2024\/06\/Logo_Netzwerk_innovation.png","contentUrl":"https:\/\/open-innovation-camp.de\/wp-content\/uploads\/2024\/06\/Logo_Netzwerk_innovation.png","width":159,"height":155,"caption":"Kathrin Wilke"},"image":{"@id":"https:\/\/open-innovation-camp.de\/#\/schema\/logo\/image\/"}}]}},"_links":{"self":[{"href":"https:\/\/kw.monon.eu\/index.php?rest_route=\/wp\/v2\/pages\/15","targetHints":{"allow":["GET"]}}],"collection":[{"href":"https:\/\/kw.monon.eu\/index.php?rest_route=\/wp\/v2\/pages"}],"about":[{"href":"https:\/\/kw.monon.eu\/index.php?rest_route=\/wp\/v2\/types\/page"}],"author":[{"embeddable":true,"href":"https:\/\/kw.monon.eu\/index.php?rest_route=\/wp\/v2\/users\/1"}],"replies":[{"embeddable":true,"href":"https:\/\/kw.monon.eu\/index.php?rest_route=%2Fwp%2Fv2%2Fcomments&post=15"}],"version-history":[{"count":0,"href":"https:\/\/kw.monon.eu\/index.php?rest_route=\/wp\/v2\/pages\/15\/revisions"}],"wp:attachment":[{"href":"https:\/\/kw.monon.eu\/index.php?rest_route=%2Fwp%2Fv2%2Fmedia&parent=15"}],"curies":[{"name":"wp","href":"https:\/\/api.w.org\/{rel}","templated":true}]}}