{"id":2974,"date":"2024-10-08T12:51:34","date_gmt":"2024-10-08T12:51:34","guid":{"rendered":"https:\/\/kw.monon.eu\/?page_id=2974"},"modified":"2024-10-08T13:17:16","modified_gmt":"2024-10-08T13:17:16","slug":"wie-open-innovation-beginnen-kann","status":"publish","type":"page","link":"https:\/\/kw.monon.eu\/?page_id=2974","title":{"rendered":"Wie Open Innovation beginnen kann"},"content":{"rendered":"\t\t<div data-elementor-type=\"wp-page\" data-elementor-id=\"2974\" class=\"elementor elementor-2974\" data-elementor-post-type=\"page\">\n\t\t\t\t<div class=\"elementor-element elementor-element-d0f77c8 e-flex e-con-boxed e-con e-parent\" data-id=\"d0f77c8\" data-element_type=\"container\">\n\t\t\t\t\t<div class=\"e-con-inner\">\n\t\t\t\t<div class=\"elementor-element elementor-element-b585adb elementor-widget elementor-widget-heading\" data-id=\"b585adb\" data-element_type=\"widget\" data-widget_type=\"heading.default\">\n\t\t\t\t<div class=\"elementor-widget-container\">\n\t\t\t\t\t<h2 class=\"elementor-heading-title elementor-size-default\">Ihr Weg in die Zukunft beginnt jetzt!<\/h2>\t\t\t\t<\/div>\n\t\t\t\t<\/div>\n\t\t\t\t<div class=\"elementor-element elementor-element-10987fd elementor-widget elementor-widget-text-editor\" data-id=\"10987fd\" data-element_type=\"widget\" data-widget_type=\"text-editor.default\">\n\t\t\t\t<div class=\"elementor-widget-container\">\n\t\t\t\t\t\t\t\t\t<p>Hier finden Sie Ihr kostenloses PDF mit den ersten Schritten zur Entwicklung von Innovation in Ihrer Kommune oder Ihrem Unternehmen. Sie haben alles richtig gemacht \u2013 wir w\u00fcnschen Ihnen einen erfolgreichen Start und stehen Ihnen gerne f\u00fcr den weiteren Weg zur Verf\u00fcgung!<\/p>\t\t\t\t\t\t\t\t<\/div>\n\t\t\t\t<\/div>\n\t\t\t\t<div class=\"elementor-element elementor-element-0fc0d44 elementor-widget elementor-widget-button\" data-id=\"0fc0d44\" data-element_type=\"widget\" data-widget_type=\"button.default\">\n\t\t\t\t<div class=\"elementor-widget-container\">\n\t\t\t\t\t\t\t\t\t<div class=\"elementor-button-wrapper\">\n\t\t\t\t\t<a class=\"elementor-button elementor-button-link elementor-size-sm\" href=\"https:\/\/open-innovation-camp.de\/wp-content\/uploads\/2024\/10\/Start-Open-Innovation.pdf#\">\n\t\t\t\t\t\t<span class=\"elementor-button-content-wrapper\">\n\t\t\t\t\t\t\t\t\t<span class=\"elementor-button-text\">HIER HERUNTERLADEN<\/span>\n\t\t\t\t\t<\/span>\n\t\t\t\t\t<\/a>\n\t\t\t\t<\/div>\n\t\t\t\t\t\t\t\t<\/div>\n\t\t\t\t<\/div>\n\t\t\t\t\t<\/div>\n\t\t\t\t<\/div>\n\t\t\t\t<\/div>\n\t\t","protected":false},"excerpt":{"rendered":"<p>Ihr Weg in die Zukunft beginnt jetzt! Hier finden Sie Ihr kostenloses PDF mit den ersten Schritten zur Entwicklung von Innovation in Ihrer Kommune oder Ihrem Unternehmen. Sie haben alles richtig gemacht \u2013 wir w\u00fcnschen Ihnen einen erfolgreichen Start und stehen Ihnen gerne f\u00fcr den weiteren Weg zur Verf\u00fcgung! HIER HERUNTERLADEN<\/p>\n","protected":false},"author":1,"featured_media":0,"parent":0,"menu_order":0,"comment_status":"closed","ping_status":"closed","template":"","meta":{"footnotes":""},"class_list":["post-2974","page","type-page","status-publish","hentry"],"yoast_head":"<!-- This site is optimized with the Yoast SEO plugin v24.8.1 - https:\/\/yoast.com\/wordpress\/plugins\/seo\/ -->\n<title>Wie Open Innovation beginnen kann - Kathrin Wilke<\/title>\n<meta name=\"robots\" content=\"index, follow, max-snippet:-1, max-image-preview:large, max-video-preview:-1\" \/>\n<link rel=\"canonical\" href=\"https:\/\/kw.monon.eu\/?page_id=2974\" \/>\n<meta property=\"og:locale\" content=\"de_DE\" \/>\n<meta property=\"og:type\" content=\"article\" \/>\n<meta property=\"og:title\" content=\"Wie Open Innovation beginnen kann - Kathrin Wilke\" \/>\n<meta property=\"og:description\" content=\"Ihr Weg in die Zukunft beginnt jetzt! Hier finden Sie Ihr kostenloses PDF mit den ersten Schritten zur Entwicklung von Innovation in Ihrer Kommune oder Ihrem Unternehmen. Sie haben alles richtig gemacht \u2013 wir w\u00fcnschen Ihnen einen erfolgreichen Start und stehen Ihnen gerne f\u00fcr den weiteren Weg zur Verf\u00fcgung! HIER HERUNTERLADEN\" \/>\n<meta property=\"og:url\" content=\"https:\/\/kw.monon.eu\/?page_id=2974\" \/>\n<meta property=\"og:site_name\" content=\"Kathrin Wilke\" \/>\n<meta property=\"article:modified_time\" content=\"2024-10-08T13:17:16+00:00\" \/>\n<meta name=\"twitter:card\" content=\"summary_large_image\" \/>\n<meta name=\"twitter:label1\" content=\"Gesch\u00e4tzte Lesezeit\" \/>\n\t<meta name=\"twitter:data1\" content=\"1\u00a0Minute\" \/>\n<script type=\"application\/ld+json\" class=\"yoast-schema-graph\">{\"@context\":\"https:\/\/schema.org\",\"@graph\":[{\"@type\":\"WebPage\",\"@id\":\"https:\/\/kw.monon.eu\/?page_id=2974\",\"url\":\"https:\/\/kw.monon.eu\/?page_id=2974\",\"name\":\"Wie Open Innovation beginnen kann - Kathrin Wilke\",\"isPartOf\":{\"@id\":\"https:\/\/open-innovation-camp.de\/#website\"},\"datePublished\":\"2024-10-08T12:51:34+00:00\",\"dateModified\":\"2024-10-08T13:17:16+00:00\",\"breadcrumb\":{\"@id\":\"https:\/\/kw.monon.eu\/?page_id=2974#breadcrumb\"},\"inLanguage\":\"de\",\"potentialAction\":[{\"@type\":\"ReadAction\",\"target\":[\"https:\/\/kw.monon.eu\/?page_id=2974\"]}]},{\"@type\":\"BreadcrumbList\",\"@id\":\"https:\/\/kw.monon.eu\/?page_id=2974#breadcrumb\",\"itemListElement\":[{\"@type\":\"ListItem\",\"position\":1,\"name\":\"Startseite\",\"item\":\"https:\/\/kw.monon.eu\/\"},{\"@type\":\"ListItem\",\"position\":2,\"name\":\"Wie Open Innovation beginnen kann\"}]},{\"@type\":\"WebSite\",\"@id\":\"https:\/\/open-innovation-camp.de\/#website\",\"url\":\"https:\/\/open-innovation-camp.de\/\",\"name\":\"Kathrin Wilke\",\"description\":\"Innovatorin\",\"publisher\":{\"@id\":\"https:\/\/open-innovation-camp.de\/#organization\"},\"potentialAction\":[{\"@type\":\"SearchAction\",\"target\":{\"@type\":\"EntryPoint\",\"urlTemplate\":\"https:\/\/open-innovation-camp.de\/?s={search_term_string}\"},\"query-input\":{\"@type\":\"PropertyValueSpecification\",\"valueRequired\":true,\"valueName\":\"search_term_string\"}}],\"inLanguage\":\"de\"},{\"@type\":\"Organization\",\"@id\":\"https:\/\/open-innovation-camp.de\/#organization\",\"name\":\"Kathrin Wilke\",\"url\":\"https:\/\/open-innovation-camp.de\/\",\"logo\":{\"@type\":\"ImageObject\",\"inLanguage\":\"de\",\"@id\":\"https:\/\/open-innovation-camp.de\/#\/schema\/logo\/image\/\",\"url\":\"https:\/\/open-innovation-camp.de\/wp-content\/uploads\/2024\/06\/Logo_Netzwerk_innovation.png\",\"contentUrl\":\"https:\/\/open-innovation-camp.de\/wp-content\/uploads\/2024\/06\/Logo_Netzwerk_innovation.png\",\"width\":159,\"height\":155,\"caption\":\"Kathrin Wilke\"},\"image\":{\"@id\":\"https:\/\/open-innovation-camp.de\/#\/schema\/logo\/image\/\"}}]}<\/script>\n<!-- \/ Yoast SEO plugin. -->","yoast_head_json":{"title":"Wie Open Innovation beginnen kann - Kathrin Wilke","robots":{"index":"index","follow":"follow","max-snippet":"max-snippet:-1","max-image-preview":"max-image-preview:large","max-video-preview":"max-video-preview:-1"},"canonical":"https:\/\/kw.monon.eu\/?page_id=2974","og_locale":"de_DE","og_type":"article","og_title":"Wie Open Innovation beginnen kann - Kathrin Wilke","og_description":"Ihr Weg in die Zukunft beginnt jetzt! Hier finden Sie Ihr kostenloses PDF mit den ersten Schritten zur Entwicklung von Innovation in Ihrer Kommune oder Ihrem Unternehmen. Sie haben alles richtig gemacht \u2013 wir w\u00fcnschen Ihnen einen erfolgreichen Start und stehen Ihnen gerne f\u00fcr den weiteren Weg zur Verf\u00fcgung! HIER HERUNTERLADEN","og_url":"https:\/\/kw.monon.eu\/?page_id=2974","og_site_name":"Kathrin Wilke","article_modified_time":"2024-10-08T13:17:16+00:00","twitter_card":"summary_large_image","twitter_misc":{"Gesch\u00e4tzte Lesezeit":"1\u00a0Minute"},"schema":{"@context":"https:\/\/schema.org","@graph":[{"@type":"WebPage","@id":"https:\/\/kw.monon.eu\/?page_id=2974","url":"https:\/\/kw.monon.eu\/?page_id=2974","name":"Wie Open Innovation beginnen kann - Kathrin Wilke","isPartOf":{"@id":"https:\/\/open-innovation-camp.de\/#website"},"datePublished":"2024-10-08T12:51:34+00:00","dateModified":"2024-10-08T13:17:16+00:00","breadcrumb":{"@id":"https:\/\/kw.monon.eu\/?page_id=2974#breadcrumb"},"inLanguage":"de","potentialAction":[{"@type":"ReadAction","target":["https:\/\/kw.monon.eu\/?page_id=2974"]}]},{"@type":"BreadcrumbList","@id":"https:\/\/kw.monon.eu\/?page_id=2974#breadcrumb","itemListElement":[{"@type":"ListItem","position":1,"name":"Startseite","item":"https:\/\/kw.monon.eu\/"},{"@type":"ListItem","position":2,"name":"Wie Open Innovation beginnen kann"}]},{"@type":"WebSite","@id":"https:\/\/open-innovation-camp.de\/#website","url":"https:\/\/open-innovation-camp.de\/","name":"Kathrin Wilke","description":"Innovatorin","publisher":{"@id":"https:\/\/open-innovation-camp.de\/#organization"},"potentialAction":[{"@type":"SearchAction","target":{"@type":"EntryPoint","urlTemplate":"https:\/\/open-innovation-camp.de\/?s={search_term_string}"},"query-input":{"@type":"PropertyValueSpecification","valueRequired":true,"valueName":"search_term_string"}}],"inLanguage":"de"},{"@type":"Organization","@id":"https:\/\/open-innovation-camp.de\/#organization","name":"Kathrin Wilke","url":"https:\/\/open-innovation-camp.de\/","logo":{"@type":"ImageObject","inLanguage":"de","@id":"https:\/\/open-innovation-camp.de\/#\/schema\/logo\/image\/","url":"https:\/\/open-innovation-camp.de\/wp-content\/uploads\/2024\/06\/Logo_Netzwerk_innovation.png","contentUrl":"https:\/\/open-innovation-camp.de\/wp-content\/uploads\/2024\/06\/Logo_Netzwerk_innovation.png","width":159,"height":155,"caption":"Kathrin Wilke"},"image":{"@id":"https:\/\/open-innovation-camp.de\/#\/schema\/logo\/image\/"}}]}},"_links":{"self":[{"href":"https:\/\/kw.monon.eu\/index.php?rest_route=\/wp\/v2\/pages\/2974","targetHints":{"allow":["GET"]}}],"collection":[{"href":"https:\/\/kw.monon.eu\/index.php?rest_route=\/wp\/v2\/pages"}],"about":[{"href":"https:\/\/kw.monon.eu\/index.php?rest_route=\/wp\/v2\/types\/page"}],"author":[{"embeddable":true,"href":"https:\/\/kw.monon.eu\/index.php?rest_route=\/wp\/v2\/users\/1"}],"replies":[{"embeddable":true,"href":"https:\/\/kw.monon.eu\/index.php?rest_route=%2Fwp%2Fv2%2Fcomments&post=2974"}],"version-history":[{"count":19,"href":"https:\/\/kw.monon.eu\/index.php?rest_route=\/wp\/v2\/pages\/2974\/revisions"}],"predecessor-version":[{"id":2997,"href":"https:\/\/kw.monon.eu\/index.php?rest_route=\/wp\/v2\/pages\/2974\/revisions\/2997"}],"wp:attachment":[{"href":"https:\/\/kw.monon.eu\/index.php?rest_route=%2Fwp%2Fv2%2Fmedia&parent=2974"}],"curies":[{"name":"wp","href":"https:\/\/api.w.org\/{rel}","templated":true}]}}