{"id":2998,"date":"2024-10-09T09:17:05","date_gmt":"2024-10-09T09:17:05","guid":{"rendered":"https:\/\/kw.monon.eu\/?page_id=2998"},"modified":"2024-11-06T15:16:07","modified_gmt":"2024-11-06T15:16:07","slug":"0-euro-produkt","status":"publish","type":"page","link":"https:\/\/kw.monon.eu\/?page_id=2998","title":{"rendered":"0 Euro Produkt"},"content":{"rendered":"\t\t<div data-elementor-type=\"wp-page\" data-elementor-id=\"2998\" class=\"elementor elementor-2998\" data-elementor-post-type=\"page\">\n\t\t\t\t<div class=\"elementor-element elementor-element-67a1443 e-flex e-con-boxed e-con e-parent\" data-id=\"67a1443\" data-element_type=\"container\">\n\t\t\t\t\t<div class=\"e-con-inner\">\n\t\t<div class=\"elementor-element elementor-element-3fd7df0 e-con-full e-flex e-con e-child\" data-id=\"3fd7df0\" data-element_type=\"container\">\n\t\t\t\t<\/div>\n\t\t\t\t\t<\/div>\n\t\t\t\t<\/div>\n\t\t<div class=\"elementor-element elementor-element-68763d50 e-flex e-con-boxed e-con e-parent\" data-id=\"68763d50\" data-element_type=\"container\" data-settings=\"{&quot;background_background&quot;:&quot;classic&quot;}\">\n\t\t\t\t\t<div class=\"e-con-inner\">\n\t\t<div class=\"elementor-element elementor-element-2835919b e-con-full e-flex e-con e-child\" data-id=\"2835919b\" data-element_type=\"container\">\n\t\t\t\t<div class=\"elementor-element elementor-element-549d2824 elementor-widget elementor-widget-heading\" data-id=\"549d2824\" data-element_type=\"widget\" data-widget_type=\"heading.default\">\n\t\t\t\t<div class=\"elementor-widget-container\">\n\t\t\t\t\t<h2 class=\"elementor-heading-title elementor-size-default\"><b>WIE open innovation beginnen kann<\/b> und gleichzeitig profitieren sie von allen Neuigkeiten.<br><br><b>Tragen Sie sich hier ein<\/b>, um den Leitfaden zu bekommen: \n<\/h2>\t\t\t\t<\/div>\n\t\t\t\t<\/div>\n\t\t\t\t<div class=\"elementor-element elementor-element-23b5dc0f elementor-widget elementor-widget-html\" data-id=\"23b5dc0f\" data-element_type=\"widget\" data-widget_type=\"html.default\">\n\t\t\t\t<div class=\"elementor-widget-container\">\n\t\t\t\t\t<!-- Begin Brevo Form -->\n<!-- START - We recommend to place the below code in head tag of your website html  -->\n<style>\n  @font-face {\n    font-display: block;\n    font-family: Roboto;\n    src: url(https:\/\/assets.brevo.com\/font\/Roboto\/Latin\/normal\/normal\/7529907e9eaf8ebb5220c5f9850e3811.woff2) format(\"woff2\"), url(https:\/\/assets.brevo.com\/font\/Roboto\/Latin\/normal\/normal\/25c678feafdc175a70922a116c9be3e7.woff) format(\"woff\")\n  }\n\n  @font-face {\n    font-display: fallback;\n    font-family: Roboto;\n    font-weight: 600;\n    src: url(https:\/\/assets.brevo.com\/font\/Roboto\/Latin\/medium\/normal\/6e9caeeafb1f3491be3e32744bc30440.woff2) format(\"woff2\"), url(https:\/\/assets.brevo.com\/font\/Roboto\/Latin\/medium\/normal\/71501f0d8d5aa95960f6475d5487d4c2.woff) format(\"woff\")\n  }\n\n  @font-face {\n    font-display: fallback;\n    font-family: Roboto;\n    font-weight: 700;\n    src: url(https:\/\/assets.brevo.com\/font\/Roboto\/Latin\/bold\/normal\/3ef7cf158f310cf752d5ad08cd0e7e60.woff2) format(\"woff2\"), url(https:\/\/assets.brevo.com\/font\/Roboto\/Latin\/bold\/normal\/ece3a1d82f18b60bcce0211725c476aa.woff) format(\"woff\")\n  }\n\n  #sib-container input:-ms-input-placeholder {\n    text-align: left;\n    font-family: Helvetica, sans-serif;\n    color: #c0ccda;\n  }\n\n  #sib-container input::placeholder {\n    text-align: left;\n    font-family: Helvetica, sans-serif;\n    color: #c0ccda;\n  }\n\n  #sib-container textarea::placeholder {\n    text-align: left;\n    font-family: Helvetica, sans-serif;\n    color: #c0ccda;\n  }\n\n  #sib-container a {\n    text-decoration: underline;\n    color: #2BB2FC;\n  }\n<\/style>\n<link rel=\"stylesheet\" href=\"https:\/\/sibforms.com\/forms\/end-form\/build\/sib-styles.css\">\n<!--  END - We recommend to place the above code in head tag of your website html -->\n\n<!-- START - We recommend to place the below code where you want the form in your website html  -->\n<div class=\"sib-form\" style=\"text-align: center;\n         background-color: #EFF2F7;                                 \">\n  <div id=\"sib-form-container\" class=\"sib-form-container\">\n    <div id=\"error-message\" class=\"sib-form-message-panel\" style=\"font-size:16px; text-align:left; font-family:Helvetica, sans-serif; color:#661d1d; background-color:#ffeded; border-radius:3px; border-color:#ff4949;max-width:540px;\">\n      <div class=\"sib-form-message-panel__text sib-form-message-panel__text--center\">\n        <svg viewBox=\"0 0 512 512\" class=\"sib-icon sib-notification__icon\">\n          <path d=\"M256 40c118.621 0 216 96.075 216 216 0 119.291-96.61 216-216 216-119.244 0-216-96.562-216-216 0-119.203 96.602-216 216-216m0-32C119.043 8 8 119.083 8 256c0 136.997 111.043 248 248 248s248-111.003 248-248C504 119.083 392.957 8 256 8zm-11.49 120h22.979c6.823 0 12.274 5.682 11.99 12.5l-7 168c-.268 6.428-5.556 11.5-11.99 11.5h-8.979c-6.433 0-11.722-5.073-11.99-11.5l-7-168c-.283-6.818 5.167-12.5 11.99-12.5zM256 340c-15.464 0-28 12.536-28 28s12.536 28 28 28 28-12.536 28-28-12.536-28-28-28z\" \/>\n        <\/svg>\n        <span class=\"sib-form-message-panel__inner-text\">\n                          Ihre Anmeldung konnte nicht gespeichert werden. Bitte versuchen Sie es erneut.\n                      <\/span>\n      <\/div>\n    <\/div>\n    <div><\/div>\n    <div id=\"success-message\" class=\"sib-form-message-panel\" style=\"font-size:16px; text-align:left; font-family:Helvetica, sans-serif; color:#085229; background-color:#e7faf0; border-radius:3px; border-color:#13ce66;max-width:540px;\">\n      <div class=\"sib-form-message-panel__text sib-form-message-panel__text--center\">\n        <svg viewBox=\"0 0 512 512\" class=\"sib-icon sib-notification__icon\">\n          <path d=\"M256 8C119.033 8 8 119.033 8 256s111.033 248 248 248 248-111.033 248-248S392.967 8 256 8zm0 464c-118.664 0-216-96.055-216-216 0-118.663 96.055-216 216-216 118.664 0 216 96.055 216 216 0 118.663-96.055 216-216 216zm141.63-274.961L217.15 376.071c-4.705 4.667-12.303 4.637-16.97-.068l-85.878-86.572c-4.667-4.705-4.637-12.303.068-16.97l8.52-8.451c4.705-4.667 12.303-4.637 16.97.068l68.976 69.533 163.441-162.13c4.705-4.667 12.303-4.637 16.97.068l8.451 8.52c4.668 4.705 4.637 12.303-.068 16.97z\" \/>\n        <\/svg>\n        <span class=\"sib-form-message-panel__inner-text\">\n                          Ihre Anmeldung war erfolgreich.\n                      <\/span>\n      <\/div>\n    <\/div>\n    <div><\/div>\n    <div id=\"sib-container\" class=\"sib-container--large sib-container--vertical\" style=\"text-align:center; background-color:rgba(255,255,255,1); max-width:540px; border-radius:3px; border-width:1px; border-color:#C0CCD9; border-style:solid; direction:ltr\">\n      <form id=\"sib-form\" method=\"POST\" action=\"https:\/\/7b7997d8.sibforms.com\/serve\/MUIFABPH8-uPfGGJ7hXuBTxN7XciELaVh1epW9QNayVIqln4mkBYlUkWI1hGrhfPtVPumQGkLjzAgbYInJaZaHDVVMtL0RDwJrndAATbUM43E8UqPTXNTltor-CpuqvoSkoc3bOO_-5L_xWq_o8t7M7zUMrIK4c-eUokzkfZE95jfolAUcKh3jfZsfTZYNWChPejjTfnw_gfJchQ\" data-type=\"subscription\">\n        <div style=\"padding: 8px 0;\">\n          <div class=\"sib-input sib-form-block\">\n            <div class=\"form__entry entry_block\">\n              <div class=\"form__label-row \">\n\n                <div class=\"entry__field\">\n                  <input class=\"input \" maxlength=\"200\" type=\"text\" id=\"NAME\" name=\"NAME\" autocomplete=\"off\" placeholder=\"NAME\" data-required=\"true\" required \/>\n                <\/div>\n              <\/div>\n\n              <label class=\"entry__error entry__error--primary\" style=\"font-size:16px; text-align:left; font-family:Helvetica, sans-serif; color:#661d1d; background-color:#ffeded; border-radius:3px; border-color:#ff4949;\">\n              <\/label>\n              <label class=\"entry__specification\" style=\"font-size:12px; text-align:left; font-family:Helvetica, sans-serif; color:#8390A4; text-align:left\">\n                Geben Sie bitte Ihren Vor- und Nachnamen ein.*\n              <\/label>\n            <\/div>\n          <\/div>\n        <\/div>\n        <div style=\"padding: 8px 0;\">\n          <div class=\"sib-input sib-form-block\">\n            <div class=\"form__entry entry_block\">\n              <div class=\"form__label-row \">\n\n                <div class=\"entry__field\">\n                  <input class=\"input \" type=\"text\" id=\"EMAIL\" name=\"EMAIL\" autocomplete=\"off\" placeholder=\"EMAIL\" data-required=\"true\" required \/>\n                <\/div>\n              <\/div>\n\n              <label class=\"entry__error entry__error--primary\" style=\"font-size:16px; text-align:left; font-family:Helvetica, sans-serif; color:#661d1d; background-color:#ffeded; border-radius:3px; border-color:#ff4949;\">\n              <\/label>\n              <label class=\"entry__specification\" style=\"font-size:12px; text-align:left; font-family:Helvetica, sans-serif; color:#8390A4; text-align:left\">\n                Geben Sie bitte Ihre E-Mail-Adresse f\u00fcr die Anmeldung an, z. B. abc@xyz.com.*\n              <\/label>\n            <\/div>\n          <\/div>\n        <\/div>\n        <div style=\"padding: 8px 0;\">\n          <div class=\"sib-optin sib-form-block\">\n            <div class=\"form__entry entry_mcq\">\n              <div class=\"form__label-row \">\n                <div class=\"entry__choice\" style=\"\">\n                  <label>\n                    <input type=\"checkbox\" class=\"input_replaced\" value=\"1\" id=\"OPT_IN\" name=\"OPT_IN\" \/>\n                    <span class=\"checkbox checkbox_tick_positive\"\n            style=\"margin-left:\"\n            ><\/span><span style=\"font-size:14px; text-align:left; font-family:Helvetica, sans-serif; color:#3C4858; background-color:transparent;\"><p>Ich m\u00f6chte Ihren Newsletter erhalten und akzeptiere die <a href=\"https:\/\/open-innovation-camp.de\/privacy-policy\" target=\"_blank\">Datenschutzerkl\u00e4rung.<\/a><\/p><\/span> <\/label>\n                <\/div>\n              <\/div>\n              <label class=\"entry__error entry__error--primary\" style=\"font-size:16px; text-align:left; font-family:Helvetica, sans-serif; color:#661d1d; background-color:#ffeded; border-radius:3px; border-color:#ff4949;\">\n              <\/label>\n              <label class=\"entry__specification\" style=\"font-size:12px; text-align:left; font-family:Helvetica, sans-serif; color:#8390A4; text-align:left\">\n                Sie k\u00f6nnen den Newsletter jederzeit \u00fcber den Link in unserem Newsletter abbestellen.\n              <\/label>\n            <\/div>\n          <\/div>\n        <\/div>\n        <div style=\"padding: 8px 0;\">\n          <div class=\"sib-form-block\" style=\"text-align: left\">\n            <button class=\"sib-form-block__button sib-form-block__button-with-loader\" style=\"font-size:16px; text-align:left; font-weight:700; font-family:Helvetica, sans-serif; color:#FFFFFF; background-color:#ff812f; border-radius:3px; border-width:0px;\" form=\"sib-form\" type=\"submit\">\n              <svg class=\"icon clickable__icon progress-indicator__icon sib-hide-loader-icon\" viewBox=\"0 0 512 512\">\n                <path d=\"M460.116 373.846l-20.823-12.022c-5.541-3.199-7.54-10.159-4.663-15.874 30.137-59.886 28.343-131.652-5.386-189.946-33.641-58.394-94.896-95.833-161.827-99.676C261.028 55.961 256 50.751 256 44.352V20.309c0-6.904 5.808-12.337 12.703-11.982 83.556 4.306 160.163 50.864 202.11 123.677 42.063 72.696 44.079 162.316 6.031 236.832-3.14 6.148-10.75 8.461-16.728 5.01z\" \/>\n              <\/svg>\n              ANMELDEN\n            <\/button>\n          <\/div>\n        <\/div>\n\n        <input type=\"text\" name=\"email_address_check\" value=\"\" class=\"input--hidden\">\n        <input type=\"hidden\" name=\"locale\" value=\"de\">\n      <\/form>\n    <\/div>\n  <\/div>\n<\/div>\n<!-- END - We recommend to place the above code where you want the form in your website html  -->\n\n<!-- START - We recommend to place the below code in footer or bottom of your website html  -->\n<script>\n  window.REQUIRED_CODE_ERROR_MESSAGE = 'W\u00e4hlen Sie bitte einen L\u00e4ndervorwahl aus.';\n  window.LOCALE = 'de';\n  window.EMAIL_INVALID_MESSAGE = window.SMS_INVALID_MESSAGE = \"Die eingegebenen Informationen sind nicht g\u00fcltig. Bitte \u00fcberpr\u00fcfen Sie das Feldformat und versuchen Sie es erneut.\";\n\n  window.REQUIRED_ERROR_MESSAGE = \"Dieses Feld darf nicht leer sein. \";\n\n  window.GENERIC_INVALID_MESSAGE = \"Die eingegebenen Informationen sind nicht g\u00fcltig. Bitte \u00fcberpr\u00fcfen Sie das Feldformat und versuchen Sie es erneut.\";\n\n\n\n\n  window.translation = {\n    common: {\n      selectedList: '{quantity} Liste ausgew\u00e4hlt',\n      selectedLists: '{quantity} Listen ausgew\u00e4hlt'\n    }\n  };\n\n  var AUTOHIDE = Boolean(0);\n<\/script>\n\n<script defer src=\"https:\/\/sibforms.com\/forms\/end-form\/build\/main.js\"><\/script>\n\n\n<!-- END - We recommend to place the above code in footer or bottom of your website html  -->\n<!-- End Brevo Form -->\t\t\t\t<\/div>\n\t\t\t\t<\/div>\n\t\t\t\t<\/div>\n\t\t<div class=\"elementor-element elementor-element-5c9ec692 e-con-full e-flex e-con e-child\" data-id=\"5c9ec692\" data-element_type=\"container\">\n\t\t\t\t<div class=\"elementor-element elementor-element-56cbabfe elementor-widget elementor-widget-button\" data-id=\"56cbabfe\" data-element_type=\"widget\" data-widget_type=\"button.default\">\n\t\t\t\t<div class=\"elementor-widget-container\">\n\t\t\t\t\t\t\t\t\t<div class=\"elementor-button-wrapper\">\n\t\t\t\t\t<a class=\"elementor-button elementor-size-sm\" role=\"button\">\n\t\t\t\t\t\t<span class=\"elementor-button-content-wrapper\">\n\t\t\t\t\t\t\t\t\t<span class=\"elementor-button-text\">0,- EUR<\/span>\n\t\t\t\t\t<\/span>\n\t\t\t\t\t<\/a>\n\t\t\t\t<\/div>\n\t\t\t\t\t\t\t\t<\/div>\n\t\t\t\t<\/div>\n\t\t\t\t<div class=\"elementor-element elementor-element-7e93319a elementor-widget elementor-widget-image\" data-id=\"7e93319a\" data-element_type=\"widget\" data-widget_type=\"image.default\">\n\t\t\t\t<div class=\"elementor-widget-container\">\n\t\t\t\t\t\t\t\t\t\t\t\t\t\t\t\t<a href=\"https:\/\/calendly.com\/kathrin-wilke\/30min?month=2024-07\" target=\"_blank\">\n\t\t\t\t\t\t\t<img fetchpriority=\"high\" decoding=\"async\" width=\"1024\" height=\"1024\" src=\"https:\/\/open-innovation-camp.de\/wp-content\/uploads\/2024\/11\/Kathrin-Wilke_open-Innovation-1024x1024.png\" class=\"attachment-large size-large wp-image-3193\" alt=\"\" srcset=\"https:\/\/open-innovation-camp.de\/wp-content\/uploads\/2024\/11\/Kathrin-Wilke_open-Innovation-1024x1024.png 1024w, https:\/\/open-innovation-camp.de\/wp-content\/uploads\/2024\/11\/Kathrin-Wilke_open-Innovation-300x300.png 300w, https:\/\/open-innovation-camp.de\/wp-content\/uploads\/2024\/11\/Kathrin-Wilke_open-Innovation-150x150.png 150w, https:\/\/open-innovation-camp.de\/wp-content\/uploads\/2024\/11\/Kathrin-Wilke_open-Innovation-768x768.png 768w, https:\/\/open-innovation-camp.de\/wp-content\/uploads\/2024\/11\/Kathrin-Wilke_open-Innovation.png 1080w\" sizes=\"(max-width: 1024px) 100vw, 1024px\" \/>\t\t\t\t\t\t\t\t<\/a>\n\t\t\t\t\t\t\t\t\t\t\t\t\t\t\t<\/div>\n\t\t\t\t<\/div>\n\t\t\t\t<\/div>\n\t\t\t\t\t<\/div>\n\t\t\t\t<\/div>\n\t\t\t\t<\/div>\n\t\t","protected":false},"excerpt":{"rendered":"<p>WIE open innovation beginnen kann und gleichzeitig profitieren sie von allen Neuigkeiten. Tragen Sie sich hier ein, um den Leitfaden zu bekommen: Ihre Anmeldung konnte nicht gespeichert werden. Bitte versuchen Sie es erneut. Ihre Anmeldung war erfolgreich. Geben Sie bitte Ihren Vor- und Nachnamen ein.* Geben Sie bitte Ihre E-Mail-Adresse f\u00fcr die Anmeldung an, z. [&hellip;]<\/p>\n","protected":false},"author":1,"featured_media":0,"parent":0,"menu_order":0,"comment_status":"closed","ping_status":"closed","template":"","meta":{"footnotes":""},"class_list":["post-2998","page","type-page","status-publish","hentry"],"yoast_head":"<!-- This site is optimized with the Yoast SEO plugin v24.8.1 - https:\/\/yoast.com\/wordpress\/plugins\/seo\/ -->\n<title>0 Euro Produkt - Kathrin Wilke<\/title>\n<meta name=\"robots\" content=\"index, follow, max-snippet:-1, max-image-preview:large, max-video-preview:-1\" \/>\n<link rel=\"canonical\" href=\"https:\/\/kw.monon.eu\/?page_id=2998\" \/>\n<meta property=\"og:locale\" content=\"de_DE\" \/>\n<meta property=\"og:type\" content=\"article\" \/>\n<meta property=\"og:title\" content=\"0 Euro Produkt - Kathrin Wilke\" \/>\n<meta property=\"og:description\" content=\"WIE open innovation beginnen kann und gleichzeitig profitieren sie von allen Neuigkeiten. Tragen Sie sich hier ein, um den Leitfaden zu bekommen: Ihre Anmeldung konnte nicht gespeichert werden. Bitte versuchen Sie es erneut. Ihre Anmeldung war erfolgreich. Geben Sie bitte Ihren Vor- und Nachnamen ein.* Geben Sie bitte Ihre E-Mail-Adresse f\u00fcr die Anmeldung an, z. [&hellip;]\" \/>\n<meta property=\"og:url\" content=\"https:\/\/kw.monon.eu\/?page_id=2998\" \/>\n<meta property=\"og:site_name\" content=\"Kathrin Wilke\" \/>\n<meta property=\"article:modified_time\" content=\"2024-11-06T15:16:07+00:00\" \/>\n<meta property=\"og:image\" content=\"https:\/\/kw.monon.eu\/wp-content\/uploads\/2024\/11\/Kathrin-Wilke_open-Innovation-1024x1024.png\" \/>\n<meta name=\"twitter:card\" content=\"summary_large_image\" \/>\n<meta name=\"twitter:label1\" content=\"Gesch\u00e4tzte Lesezeit\" \/>\n\t<meta name=\"twitter:data1\" content=\"1\u00a0Minute\" \/>\n<script type=\"application\/ld+json\" class=\"yoast-schema-graph\">{\"@context\":\"https:\/\/schema.org\",\"@graph\":[{\"@type\":\"WebPage\",\"@id\":\"https:\/\/kw.monon.eu\/?page_id=2998\",\"url\":\"https:\/\/kw.monon.eu\/?page_id=2998\",\"name\":\"0 Euro Produkt - Kathrin Wilke\",\"isPartOf\":{\"@id\":\"https:\/\/open-innovation-camp.de\/#website\"},\"primaryImageOfPage\":{\"@id\":\"https:\/\/kw.monon.eu\/?page_id=2998#primaryimage\"},\"image\":{\"@id\":\"https:\/\/kw.monon.eu\/?page_id=2998#primaryimage\"},\"thumbnailUrl\":\"https:\/\/kw.monon.eu\/wp-content\/uploads\/2024\/11\/Kathrin-Wilke_open-Innovation-1024x1024.png\",\"datePublished\":\"2024-10-09T09:17:05+00:00\",\"dateModified\":\"2024-11-06T15:16:07+00:00\",\"breadcrumb\":{\"@id\":\"https:\/\/kw.monon.eu\/?page_id=2998#breadcrumb\"},\"inLanguage\":\"de\",\"potentialAction\":[{\"@type\":\"ReadAction\",\"target\":[\"https:\/\/kw.monon.eu\/?page_id=2998\"]}]},{\"@type\":\"ImageObject\",\"inLanguage\":\"de\",\"@id\":\"https:\/\/kw.monon.eu\/?page_id=2998#primaryimage\",\"url\":\"https:\/\/kw.monon.eu\/wp-content\/uploads\/2024\/11\/Kathrin-Wilke_open-Innovation-1024x1024.png\",\"contentUrl\":\"https:\/\/kw.monon.eu\/wp-content\/uploads\/2024\/11\/Kathrin-Wilke_open-Innovation-1024x1024.png\"},{\"@type\":\"BreadcrumbList\",\"@id\":\"https:\/\/kw.monon.eu\/?page_id=2998#breadcrumb\",\"itemListElement\":[{\"@type\":\"ListItem\",\"position\":1,\"name\":\"Startseite\",\"item\":\"https:\/\/kw.monon.eu\/\"},{\"@type\":\"ListItem\",\"position\":2,\"name\":\"0 Euro Produkt\"}]},{\"@type\":\"WebSite\",\"@id\":\"https:\/\/open-innovation-camp.de\/#website\",\"url\":\"https:\/\/open-innovation-camp.de\/\",\"name\":\"Kathrin Wilke\",\"description\":\"Innovatorin\",\"publisher\":{\"@id\":\"https:\/\/open-innovation-camp.de\/#organization\"},\"potentialAction\":[{\"@type\":\"SearchAction\",\"target\":{\"@type\":\"EntryPoint\",\"urlTemplate\":\"https:\/\/open-innovation-camp.de\/?s={search_term_string}\"},\"query-input\":{\"@type\":\"PropertyValueSpecification\",\"valueRequired\":true,\"valueName\":\"search_term_string\"}}],\"inLanguage\":\"de\"},{\"@type\":\"Organization\",\"@id\":\"https:\/\/open-innovation-camp.de\/#organization\",\"name\":\"Kathrin Wilke\",\"url\":\"https:\/\/open-innovation-camp.de\/\",\"logo\":{\"@type\":\"ImageObject\",\"inLanguage\":\"de\",\"@id\":\"https:\/\/open-innovation-camp.de\/#\/schema\/logo\/image\/\",\"url\":\"https:\/\/open-innovation-camp.de\/wp-content\/uploads\/2024\/06\/Logo_Netzwerk_innovation.png\",\"contentUrl\":\"https:\/\/open-innovation-camp.de\/wp-content\/uploads\/2024\/06\/Logo_Netzwerk_innovation.png\",\"width\":159,\"height\":155,\"caption\":\"Kathrin Wilke\"},\"image\":{\"@id\":\"https:\/\/open-innovation-camp.de\/#\/schema\/logo\/image\/\"}}]}<\/script>\n<!-- \/ Yoast SEO plugin. -->","yoast_head_json":{"title":"0 Euro Produkt - Kathrin Wilke","robots":{"index":"index","follow":"follow","max-snippet":"max-snippet:-1","max-image-preview":"max-image-preview:large","max-video-preview":"max-video-preview:-1"},"canonical":"https:\/\/kw.monon.eu\/?page_id=2998","og_locale":"de_DE","og_type":"article","og_title":"0 Euro Produkt - Kathrin Wilke","og_description":"WIE open innovation beginnen kann und gleichzeitig profitieren sie von allen Neuigkeiten. Tragen Sie sich hier ein, um den Leitfaden zu bekommen: Ihre Anmeldung konnte nicht gespeichert werden. Bitte versuchen Sie es erneut. Ihre Anmeldung war erfolgreich. Geben Sie bitte Ihren Vor- und Nachnamen ein.* Geben Sie bitte Ihre E-Mail-Adresse f\u00fcr die Anmeldung an, z. [&hellip;]","og_url":"https:\/\/kw.monon.eu\/?page_id=2998","og_site_name":"Kathrin Wilke","article_modified_time":"2024-11-06T15:16:07+00:00","og_image":[{"url":"https:\/\/kw.monon.eu\/wp-content\/uploads\/2024\/11\/Kathrin-Wilke_open-Innovation-1024x1024.png","type":"","width":"","height":""}],"twitter_card":"summary_large_image","twitter_misc":{"Gesch\u00e4tzte Lesezeit":"1\u00a0Minute"},"schema":{"@context":"https:\/\/schema.org","@graph":[{"@type":"WebPage","@id":"https:\/\/kw.monon.eu\/?page_id=2998","url":"https:\/\/kw.monon.eu\/?page_id=2998","name":"0 Euro Produkt - Kathrin Wilke","isPartOf":{"@id":"https:\/\/open-innovation-camp.de\/#website"},"primaryImageOfPage":{"@id":"https:\/\/kw.monon.eu\/?page_id=2998#primaryimage"},"image":{"@id":"https:\/\/kw.monon.eu\/?page_id=2998#primaryimage"},"thumbnailUrl":"https:\/\/kw.monon.eu\/wp-content\/uploads\/2024\/11\/Kathrin-Wilke_open-Innovation-1024x1024.png","datePublished":"2024-10-09T09:17:05+00:00","dateModified":"2024-11-06T15:16:07+00:00","breadcrumb":{"@id":"https:\/\/kw.monon.eu\/?page_id=2998#breadcrumb"},"inLanguage":"de","potentialAction":[{"@type":"ReadAction","target":["https:\/\/kw.monon.eu\/?page_id=2998"]}]},{"@type":"ImageObject","inLanguage":"de","@id":"https:\/\/kw.monon.eu\/?page_id=2998#primaryimage","url":"https:\/\/kw.monon.eu\/wp-content\/uploads\/2024\/11\/Kathrin-Wilke_open-Innovation-1024x1024.png","contentUrl":"https:\/\/kw.monon.eu\/wp-content\/uploads\/2024\/11\/Kathrin-Wilke_open-Innovation-1024x1024.png"},{"@type":"BreadcrumbList","@id":"https:\/\/kw.monon.eu\/?page_id=2998#breadcrumb","itemListElement":[{"@type":"ListItem","position":1,"name":"Startseite","item":"https:\/\/kw.monon.eu\/"},{"@type":"ListItem","position":2,"name":"0 Euro Produkt"}]},{"@type":"WebSite","@id":"https:\/\/open-innovation-camp.de\/#website","url":"https:\/\/open-innovation-camp.de\/","name":"Kathrin Wilke","description":"Innovatorin","publisher":{"@id":"https:\/\/open-innovation-camp.de\/#organization"},"potentialAction":[{"@type":"SearchAction","target":{"@type":"EntryPoint","urlTemplate":"https:\/\/open-innovation-camp.de\/?s={search_term_string}"},"query-input":{"@type":"PropertyValueSpecification","valueRequired":true,"valueName":"search_term_string"}}],"inLanguage":"de"},{"@type":"Organization","@id":"https:\/\/open-innovation-camp.de\/#organization","name":"Kathrin Wilke","url":"https:\/\/open-innovation-camp.de\/","logo":{"@type":"ImageObject","inLanguage":"de","@id":"https:\/\/open-innovation-camp.de\/#\/schema\/logo\/image\/","url":"https:\/\/open-innovation-camp.de\/wp-content\/uploads\/2024\/06\/Logo_Netzwerk_innovation.png","contentUrl":"https:\/\/open-innovation-camp.de\/wp-content\/uploads\/2024\/06\/Logo_Netzwerk_innovation.png","width":159,"height":155,"caption":"Kathrin Wilke"},"image":{"@id":"https:\/\/open-innovation-camp.de\/#\/schema\/logo\/image\/"}}]}},"_links":{"self":[{"href":"https:\/\/kw.monon.eu\/index.php?rest_route=\/wp\/v2\/pages\/2998","targetHints":{"allow":["GET"]}}],"collection":[{"href":"https:\/\/kw.monon.eu\/index.php?rest_route=\/wp\/v2\/pages"}],"about":[{"href":"https:\/\/kw.monon.eu\/index.php?rest_route=\/wp\/v2\/types\/page"}],"author":[{"embeddable":true,"href":"https:\/\/kw.monon.eu\/index.php?rest_route=\/wp\/v2\/users\/1"}],"replies":[{"embeddable":true,"href":"https:\/\/kw.monon.eu\/index.php?rest_route=%2Fwp%2Fv2%2Fcomments&post=2998"}],"version-history":[{"count":61,"href":"https:\/\/kw.monon.eu\/index.php?rest_route=\/wp\/v2\/pages\/2998\/revisions"}],"predecessor-version":[{"id":3235,"href":"https:\/\/kw.monon.eu\/index.php?rest_route=\/wp\/v2\/pages\/2998\/revisions\/3235"}],"wp:attachment":[{"href":"https:\/\/kw.monon.eu\/index.php?rest_route=%2Fwp%2Fv2%2Fmedia&parent=2998"}],"curies":[{"name":"wp","href":"https:\/\/api.w.org\/{rel}","templated":true}]}}